{"id":257,"date":"2022-02-25T15:57:18","date_gmt":"2022-02-25T14:57:18","guid":{"rendered":"https:\/\/oknprzemocseksualna.ajp.edu.pl\/?page_id=257"},"modified":"2026-01-29T16:58:31","modified_gmt":"2026-01-29T15:58:31","slug":"materialy-do-pobrania","status":"publish","type":"page","link":"https:\/\/oknprzemocseksualna.ajp.edu.pl\/?page_id=257","title":{"rendered":"Materia\u0142y do pobrania"},"content":{"rendered":"<div id=\"accordions-1235\" class=\"accordions-1235 accordions\" data-accordions={&quot;lazyLoad&quot;:true,&quot;id&quot;:&quot;1235&quot;,&quot;event&quot;:&quot;click&quot;,&quot;collapsible&quot;:&quot;true&quot;,&quot;heightStyle&quot;:&quot;content&quot;,&quot;animateStyle&quot;:&quot;swing&quot;,&quot;animateDelay&quot;:1000,&quot;navigation&quot;:true,&quot;active&quot;:999,&quot;expandedOther&quot;:&quot;no&quot;}>\r\n                <div id=\"accordions-lazy-1235\" class=\"accordions-lazy\" accordionsId=\"1235\">\r\n                    <\/div>\r\n\r\n    <div class=\"items\"  style=\"display:none\" >\r\n    \r\n            <div post_id=\"1235\" itemcount=\"0\"  header_id=\"header-1769702134632\" id=\"header-1769702134632\" style=\"\" class=\"accordions-head head1769702134632 border-none\" toggle-text=\"\" main-text=\"Ksi\u0119ga abstrakt\u00f3w\">\r\n                                    <span id=\"accordion-icons-1769702134632\" class=\"accordion-icons\">\r\n                        <span class=\"accordion-icon-active accordion-plus\"><i class=\"fas fa-chevron-up\"><\/i><\/span>\r\n                        <span class=\"accordion-icon-inactive accordion-minus\"><i class=\"fas fa-chevron-right\"><\/i><\/span>\r\n                    <\/span>\r\n                    <span id=\"header-text-1769702134632\" class=\"accordions-head-title\">Ksi\u0119ga abstrakt\u00f3w<\/span>\r\n                            <\/div>\r\n            <div class=\"accordion-content content1769702134632 \">\r\n                <p>Tutaj znajdzie si\u0119 ksi\u0119ga abstrakt\u00f3w referat\u00f3w zg\u0142oszonych na konferencj\u0119<\/p>\n            <\/div>\r\n    \r\n            <div post_id=\"1235\" itemcount=\"1\"  header_id=\"header-1769702166237\" id=\"header-1769702166237\" style=\"\" class=\"accordions-head head1769702166237 border-none\" toggle-text=\"\" main-text=\"Wywiady z uczestnikami\">\r\n                                    <span id=\"accordion-icons-1769702166237\" class=\"accordion-icons\">\r\n                        <span class=\"accordion-icon-active accordion-plus\"><i class=\"fas fa-chevron-up\"><\/i><\/span>\r\n                        <span class=\"accordion-icon-inactive accordion-minus\"><i class=\"fas fa-chevron-right\"><\/i><\/span>\r\n                    <\/span>\r\n                    <span id=\"header-text-1769702166237\" class=\"accordions-head-title\">Wywiady z uczestnikami<\/span>\r\n                            <\/div>\r\n            <div class=\"accordion-content content1769702166237 \">\r\n                <p>Tutaj znajd\u0105 si\u0119 multimedia z YT<\/p>\n            <\/div>\r\n    \r\n            <div post_id=\"1235\" itemcount=\"2\"  header_id=\"header-1769702448989\" id=\"header-1769702448989\" style=\"\" class=\"accordions-head head1769702448989 border-none\" toggle-text=\"\" main-text=\"Fotorelacja\">\r\n                                    <span id=\"accordion-icons-1769702448989\" class=\"accordion-icons\">\r\n                        <span class=\"accordion-icon-active accordion-plus\"><i class=\"fas fa-chevron-up\"><\/i><\/span>\r\n                        <span class=\"accordion-icon-inactive accordion-minus\"><i class=\"fas fa-chevron-right\"><\/i><\/span>\r\n                    <\/span>\r\n                    <span id=\"header-text-1769702448989\" class=\"accordions-head-title\">Fotorelacja<\/span>\r\n                            <\/div>\r\n            <div class=\"accordion-content content1769702448989 \">\r\n                <p>Tutaj znajdzie si\u0119 galeria z konferencji<\/p>\n            <\/div>\r\n    \r\n            <div post_id=\"1235\" itemcount=\"3\"  header_id=\"header-1769702509466\" id=\"header-1769702509466\" style=\"\" class=\"accordions-head head1769702509466 border-none\" toggle-text=\"\" main-text=\"Artyku\u0142y pokonferencyjne \/ Studia Administracji i Bezpiecze\u0144stwa\">\r\n                                    <span id=\"accordion-icons-1769702509466\" class=\"accordion-icons\">\r\n                        <span class=\"accordion-icon-active accordion-plus\"><i class=\"fas fa-chevron-up\"><\/i><\/span>\r\n                        <span class=\"accordion-icon-inactive accordion-minus\"><i class=\"fas fa-chevron-right\"><\/i><\/span>\r\n                    <\/span>\r\n                    <span id=\"header-text-1769702509466\" class=\"accordions-head-title\">Artyku\u0142y pokonferencyjne \/ Studia Administracji i Bezpiecze\u0144stwa<\/span>\r\n                            <\/div>\r\n            <div class=\"accordion-content content1769702509466 \">\r\n                <p>Tutaj znajd\u0105 si\u0119 artyku\u0142y pokonferencyjne<\/p>\n            <\/div>\r\n    <\/div>\r\n\r\n\r\n\r\n            <\/div>\n","protected":false},"excerpt":{"rendered":"","protected":false},"author":1,"featured_media":0,"parent":0,"menu_order":0,"comment_status":"closed","ping_status":"closed","template":"","meta":{"footnotes":""},"class_list":["post-257","page","type-page","status-publish","hentry"],"_links":{"self":[{"href":"https:\/\/oknprzemocseksualna.ajp.edu.pl\/index.php?rest_route=\/wp\/v2\/pages\/257","targetHints":{"allow":["GET"]}}],"collection":[{"href":"https:\/\/oknprzemocseksualna.ajp.edu.pl\/index.php?rest_route=\/wp\/v2\/pages"}],"about":[{"href":"https:\/\/oknprzemocseksualna.ajp.edu.pl\/index.php?rest_route=\/wp\/v2\/types\/page"}],"author":[{"embeddable":true,"href":"https:\/\/oknprzemocseksualna.ajp.edu.pl\/index.php?rest_route=\/wp\/v2\/users\/1"}],"replies":[{"embeddable":true,"href":"https:\/\/oknprzemocseksualna.ajp.edu.pl\/index.php?rest_route=%2Fwp%2Fv2%2Fcomments&post=257"}],"version-history":[{"count":16,"href":"https:\/\/oknprzemocseksualna.ajp.edu.pl\/index.php?rest_route=\/wp\/v2\/pages\/257\/revisions"}],"predecessor-version":[{"id":1237,"href":"https:\/\/oknprzemocseksualna.ajp.edu.pl\/index.php?rest_route=\/wp\/v2\/pages\/257\/revisions\/1237"}],"wp:attachment":[{"href":"https:\/\/oknprzemocseksualna.ajp.edu.pl\/index.php?rest_route=%2Fwp%2Fv2%2Fmedia&parent=257"}],"curies":[{"name":"wp","href":"https:\/\/api.w.org\/{rel}","templated":true}]}}