{"id":1158,"date":"2026-01-29T13:20:16","date_gmt":"2026-01-29T12:20:16","guid":{"rendered":"https:\/\/oknprzemocseksualna.ajp.edu.pl\/?page_id=1158"},"modified":"2026-01-29T18:19:51","modified_gmt":"2026-01-29T17:19:51","slug":"kontakt","status":"publish","type":"page","link":"https:\/\/oknprzemocseksualna.ajp.edu.pl\/?page_id=1158","title":{"rendered":"Kontakt"},"content":{"rendered":"\n<div class=\"wpforms-container wpforms-container-full\" id=\"wpforms-1251\"><form id=\"wpforms-form-1251\" class=\"wpforms-validate wpforms-form wpforms-ajax-form\" data-formid=\"1251\" method=\"post\" enctype=\"multipart\/form-data\" action=\"\/index.php?rest_route=%2Fwp%2Fv2%2Fpages%2F1158\" data-token=\"219a7b54c5d383b8e013ba5ab22b7705\" data-token-time=\"1777237854\"><noscript class=\"wpforms-error-noscript\">Aby wype\u0142ni\u0107 ten formularz, w\u0142\u0105cz obs\u0142ug\u0119 JavaScript w przegl\u0105darce.<\/noscript><div class=\"wpforms-field-container\"><div id=\"wpforms-1251-field_1-container\" class=\"wpforms-field wpforms-field-name\" data-field-id=\"1\"><label class=\"wpforms-field-label\" for=\"wpforms-1251-field_1\">Imi\u0119 i nazwisko <span class=\"wpforms-required-label\">*<\/span><\/label><input type=\"text\" id=\"wpforms-1251-field_1\" class=\"wpforms-field-medium wpforms-field-required\" name=\"wpforms[fields][1]\" required><div class=\"wpforms-field-description\">Podaj imi\u0119 i nazwisko<\/div><\/div><div id=\"wpforms-1251-field_4-container\" class=\"wpforms-field wpforms-field-text\" data-field-id=\"4\"><label class=\"wpforms-field-label\" for=\"wpforms-1251-field_4\">Instytucja<\/label><input type=\"text\" id=\"wpforms-1251-field_4\" class=\"wpforms-field-medium\" name=\"wpforms[fields][4]\" ><div class=\"wpforms-field-description\">Podaj nazw\u0119 podmiotu, kt\u00f3ry reprezentujesz (opcjonalnie)<\/div><\/div><div id=\"wpforms-1251-field_2-container\" class=\"wpforms-field wpforms-field-email\" data-field-id=\"2\"><label class=\"wpforms-field-label\" for=\"wpforms-1251-field_2\">Adres e-mail <span class=\"wpforms-required-label\">*<\/span><\/label><input type=\"email\" id=\"wpforms-1251-field_2\" class=\"wpforms-field-medium wpforms-field-required\" name=\"wpforms[fields][2]\" spellcheck=\"false\" required><\/div>\t\t<div id=\"wpforms-1251-field_6-container\"\n\t\t\tclass=\"wpforms-field wpforms-field-text\"\n\t\t\tdata-field-type=\"text\"\n\t\t\tdata-field-id=\"6\"\n\t\t\t>\n\t\t\t<label class=\"wpforms-field-label\" for=\"wpforms-1251-field_6\" >lub e-mail wiadomo\u015b\u0107<\/label>\n\t\t\t<input type=\"text\" id=\"wpforms-1251-field_6\" class=\"wpforms-field-medium\" name=\"wpforms[fields][6]\" >\n\t\t<\/div>\n\t\t<div id=\"wpforms-1251-field_3-container\" class=\"wpforms-field wpforms-field-textarea\" data-field-id=\"3\"><label class=\"wpforms-field-label\" for=\"wpforms-1251-field_3\">Komentarz lub wiadomo\u015b\u0107 <span class=\"wpforms-required-label\">*<\/span><\/label><textarea id=\"wpforms-1251-field_3\" class=\"wpforms-field-medium wpforms-field-required\" name=\"wpforms[fields][3]\" required><\/textarea><div class=\"wpforms-field-description\">Wpisz wiadomo\u015b\u0107<\/div><\/div><div id=\"wpforms-1251-field_5-container\" class=\"wpforms-field wpforms-field-checkbox\" data-field-id=\"5\"><label class=\"wpforms-field-label\">Zgoda RODO <span class=\"wpforms-required-label\">*<\/span><\/label><ul id=\"wpforms-1251-field_5\" class=\"wpforms-field-required\"><li class=\"choice-1 depth-1\"><input type=\"checkbox\" id=\"wpforms-1251-field_5_1\" name=\"wpforms[fields][5][]\" value=\"Zapozna\u0142em si\u0119 i akceptuj\u0119 zapisy zawarte w INFORMACJI O PRZETWARZANIU DANYCH OSOBOWYCH\" required ><label class=\"wpforms-field-label-inline\" for=\"wpforms-1251-field_5_1\">Zapozna\u0142em si\u0119 i akceptuj\u0119 zapisy zawarte w INFORMACJI O PRZETWARZANIU DANYCH OSOBOWYCH<\/label><\/li><\/ul><div class=\"wpforms-field-description\">INFORMACJA O PRZETWARZANIU DANYCH OSOBOWYCH\n1.\tAdministratorem Pani\/Pana danych osobowych jest Akademia im. Jakuba z Parady\u017ca w Gorzowie Wielkopolskim, 66-400 Gorz\u00f3w Wielkopolski, ul. Teatralna 25, Telefon: 95 7 216 022, Faks: 95 7 216 022, email: rektor@ajp.edu.pl.\n2.\tKontakt do inspektora ochrony danych osobowych \u2013 email: iodo@ajp.edu.pl.\n3.\tPani\/Pana dane osobowe przetwarzane s\u0105 w celu komunikowania si\u0119 z Pani\u0105\/Panem w zwi\u0105zku z przes\u0142anym zapytaniem. Podstaw\u0105 prawn\u0105 przetwarzania danych osobowych jest art. 6 ust. 1 lit. a i f  rozporz\u0105dzenia Parlamentu Europejskiego i Rady (UE) 2016\/679 z dnia 27 kwietnia 2016 r. w sprawie ochrony os\u00f3b fizycznych w zwi\u0105zku z przetwarzaniem danych osobowych i w sprawie swobodnego przep\u0142ywu takich danych oraz uchylenia dyrektywy 95\/46\/WE (og\u00f3lne rozporz\u0105dzenie o ochronie danych) (Dz. Urz. UE L Nr 119, str. 1).\n<\/div><\/div><script>\n\t\t\t\t( function() {\n\t\t\t\t\tconst style = document.createElement( 'style' );\n\t\t\t\t\tstyle.appendChild( document.createTextNode( '#wpforms-1251-field_6-container { position: absolute !important; overflow: hidden !important; display: inline !important; height: 1px !important; width: 1px !important; z-index: -1000 !important; padding: 0 !important; } #wpforms-1251-field_6-container input { visibility: hidden; } #wpforms-conversational-form-page #wpforms-1251-field_6-container label { counter-increment: none; }' ) );\n\t\t\t\t\tdocument.head.appendChild( style );\n\t\t\t\t\tdocument.currentScript?.remove();\n\t\t\t\t} )();\n\t\t\t<\/script><\/div><!-- .wpforms-field-container --><div class=\"wpforms-submit-container\" ><input type=\"hidden\" name=\"wpforms[id]\" value=\"1251\"><input type=\"hidden\" name=\"page_title\" value=\"\"><input type=\"hidden\" name=\"page_url\" value=\"https:\/\/oknprzemocseksualna.ajp.edu.pl\/index.php?rest_route=\/wp\/v2\/pages\/1158\"><input type=\"hidden\" name=\"url_referer\" value=\"\"><button type=\"submit\" name=\"wpforms[submit]\" id=\"wpforms-submit-1251\" class=\"wpforms-submit\" data-alt-text=\"Wysy\u0142anie...\" data-submit-text=\"Prze\u015blij\" aria-live=\"assertive\" value=\"wpforms-submit\">Prze\u015blij<\/button><img loading=\"lazy\" decoding=\"async\" src=\"https:\/\/oknprzemocseksualna.ajp.edu.pl\/wp-content\/plugins\/wpforms-lite\/assets\/images\/submit-spin.svg\" class=\"wpforms-submit-spinner\" style=\"display: none;\" width=\"26\" height=\"26\" alt=\"Wczytywanie\"><\/div><\/form><\/div>  <!-- .wpforms-container -->\n","protected":false},"excerpt":{"rendered":"","protected":false},"author":2,"featured_media":0,"parent":0,"menu_order":0,"comment_status":"closed","ping_status":"closed","template":"","meta":{"footnotes":""},"class_list":["post-1158","page","type-page","status-publish","hentry"],"_links":{"self":[{"href":"https:\/\/oknprzemocseksualna.ajp.edu.pl\/index.php?rest_route=\/wp\/v2\/pages\/1158","targetHints":{"allow":["GET"]}}],"collection":[{"href":"https:\/\/oknprzemocseksualna.ajp.edu.pl\/index.php?rest_route=\/wp\/v2\/pages"}],"about":[{"href":"https:\/\/oknprzemocseksualna.ajp.edu.pl\/index.php?rest_route=\/wp\/v2\/types\/page"}],"author":[{"embeddable":true,"href":"https:\/\/oknprzemocseksualna.ajp.edu.pl\/index.php?rest_route=\/wp\/v2\/users\/2"}],"replies":[{"embeddable":true,"href":"https:\/\/oknprzemocseksualna.ajp.edu.pl\/index.php?rest_route=%2Fwp%2Fv2%2Fcomments&post=1158"}],"version-history":[{"count":2,"href":"https:\/\/oknprzemocseksualna.ajp.edu.pl\/index.php?rest_route=\/wp\/v2\/pages\/1158\/revisions"}],"predecessor-version":[{"id":1257,"href":"https:\/\/oknprzemocseksualna.ajp.edu.pl\/index.php?rest_route=\/wp\/v2\/pages\/1158\/revisions\/1257"}],"wp:attachment":[{"href":"https:\/\/oknprzemocseksualna.ajp.edu.pl\/index.php?rest_route=%2Fwp%2Fv2%2Fmedia&parent=1158"}],"curies":[{"name":"wp","href":"https:\/\/api.w.org\/{rel}","templated":true}]}}